{"id":54,"date":"2023-04-23T15:43:45","date_gmt":"2023-04-23T18:43:45","guid":{"rendered":"https:\/\/midiacluster.com.br\/?page_id=54"},"modified":"2026-03-31T11:40:07","modified_gmt":"2026-03-31T14:40:07","slug":"sobre-o-projeto","status":"publish","type":"page","link":"https:\/\/midiacluster.com.br\/","title":{"rendered":"Sobre o M\u00eddia Cluster"},"content":{"rendered":"\n<p>O M\u00eddia Cluster tem inspira\u00e7\u00e3o no Grupo de M\u00eddia de S\u00e3o Paulo, o qual participou da cria\u00e7\u00e3o e da consolida\u00e7\u00e3o da m\u00eddia brasileira e que foi pioneiro em compila\u00e7\u00e3o e an\u00e1lise de dados do mercado de m\u00eddia, sendo pe\u00e7a fundamental para a profissionaliza\u00e7\u00e3o da categoria. Nesta perspectiva, o M\u00eddia Cluster busca contribuir com a busca pela maturidade do mercado de m\u00eddia dentro do ecossistema da Comunica\u00e7\u00e3o Publicit\u00e1ria na Fronteira Oeste do Rio Grande do Sul.<\/p>\n\n\n\n<p>Para isto, o M\u00eddia Cluster ir\u00e1 distribuir, gratuitamente, para ve\u00edculos, ag\u00eancias e anunciantes pesquisas e levantamentos anuais sobre consumo das mais diversas m\u00eddias, favorecendo pol\u00edticas de comercializa\u00e7\u00e3o, planejamentos de campanha e m\u00eddia e aprimorando as estrat\u00e9gias de comunica\u00e7\u00e3o. <\/p>\n\n\n\n<p>Os dados, dentro da economia da m\u00eddia, s\u00e3o hoje o principal ativo para o diferencial competitivo. Para que as empresas tenham \u00eaxito e efici\u00eancia \u00e9 necess\u00e1rio compreender quais s\u00e3o os pontos de contato mais adequados para cada p\u00fablico-alvo. Os dados brutos apresenados e os microdados dispon\u00edveis para download representam um importante avan\u00e7o na \u00e1rea de m\u00eddia na regi\u00e3o.   <\/p>\n\n\n\n<h2 class=\"wp-block-heading\">Sobre as pesquisas de consumo de M\u00eddia<\/h2>\n\n\n\n<p>Nos links do menu <strong>Pesquisas de M\u00eddia<\/strong> voc\u00ea pode navegar pelas pesquisas realizadas anualmente na cidade de S\u00e3o Borja\/RS.<\/p>\n\n\n\n<p>Os dados de cada ano, al\u00e9m da disponibilidade para visualiza\u00e7\u00e3o, tamb\u00e9m podem ser baixados (<em>download<\/em>) como microdados em formato de planilha para uso com filtros. Abaixo da visualiza\u00e7\u00e3o \u00e9 apresentada a <strong>metodologia utilizada<\/strong>.<\/p>\n\n\n\n<p>Para a <strong>correta visualiza\u00e7\u00e3o<\/strong> dos dados, orienta-se que a an\u00e1lise n\u00e3o se restrinja aos dados brutos, mas que, ao clicar em um dado, sejam observados os demais que ser\u00e3o reorganizados de forma din\u00e2mica a partir da sele\u00e7\u00e3o.<\/p>\n\n\n\n<p>Em caso de d\u00favidas, sugerimos entrar em contato atrav\u00e9s do formul\u00e1rio.<\/p>\n\n\n\n<h2 class=\"wp-block-heading\">Rela\u00e7\u00e3o com a Universidade e o Curso<\/h2>\n\n\n\n<p>Importante destacar que o site <em>M\u00eddia Cluster<\/em> est\u00e1 relacionado com dois projetos cadastrados na Universidade Federal do Pampa, campus S\u00e3o Borja, vinculados ao Curso de Publicidade e Propaganda:<\/p>\n\n\n\n<p>Projeto de Extens\u00e3o<strong> Cluster Digital: m\u00eddia, performance, pesquisa e gest\u00e3o<\/strong>: este projeto procura dar \u00eanfase para a perspectiva estrat\u00e9gica da M\u00eddia e da Comunica\u00e7\u00e3o Digital, sendo o <em>locus<\/em> da interlocu\u00e7\u00e3o academia\/comunidade externa levando como bagagem aquilo que \u00e9 estudado nos componentes curriculares e analisado e refletido em projeto de pesquisa. Isto significa dizer que o projeto busca ser um Cluster Digital de conhecimentos digitais que buscam dar conta de demandas de M\u00eddia e Comunica\u00e7\u00e3o Digital de diferentes p\u00fablicos da cidade de S\u00e3o Borja al\u00e9m de ve\u00edculos de m\u00eddia, ag\u00eancias e anunciantes em geral. O projeto tem como objetivos:<br><strong>Objetivo geral:<\/strong><br>Fomentar, junto aos p\u00fablicos-alvo e atrav\u00e9s de um Cluster Digital, a gest\u00e3o de processos e fluxos de m\u00eddia e comunica\u00e7\u00e3o digital.<br><strong>Objetivos espec\u00edficos:<\/strong><br>1) Auxiliar os p\u00fablicos-alvo no empreendimento de estrat\u00e9gias comunicacionais baseadas em pesquisa de mercado;<br>2) Incentivar o uso das ferramentas digitais de comunica\u00e7\u00e3o para o incremento da comunica\u00e7\u00e3o publicit\u00e1ria dos p\u00fablicos-alvo;<br>3) Inserir conhecimentos acad\u00eamicos sobre m\u00eddia e marketing de performance, social media, produ\u00e7\u00e3o para web e m\u00eddia program\u00e1tica no vocabul\u00e1rio dos p\u00fablicos-alvo;<br>4) Buscar contribuir com o desenvolvimento econ\u00f4mico local atrav\u00e9s do uso estrat\u00e9gico da comunica\u00e7\u00e3o publicit\u00e1ria.<\/p>\n\n\n\n<p>Projeto de Pesquisa <strong><em>Soft Power<\/em>: potencialidades locais e regionais<\/strong>: este projeto nasce da necessidade de fazer um denso e amplo levantamento sobre demandas de consumo de m\u00eddia, de produtos e servi\u00e7os relacionados com os setores (ou n\u00facleos criativos) da Ind\u00fastria Criativa, de demandas relativas \u00e0s \u00e1reas priorit\u00e1rias do Minist\u00e9rio da Ci\u00eancia e Tecnologia (MCIT) e tamb\u00e9m relativas aos eixos da Agenda 2030 das Na\u00e7\u00f5es Unidas (ONU). Tais levantamentos ser\u00e3o usados para embasar o principal objetivo deste projeto que \u00e9 a investiga\u00e7\u00e3o das potencialidades municipais (no \u00e2mbito local, num primeiro momento) e regionais (em um segundo momento) na constitui\u00e7\u00e3o do&nbsp;<em>soft power<\/em>&nbsp;local \u2013 um diferencial competitivo (relacionado ao&nbsp;<em>place branding<\/em>) para encontrar alternativas ao desenvolvimento da regi\u00e3o. Neste sentido, o projeto articula o levamento com aquilo que a Universidade \u2013 atrav\u00e9s do Curso de Gradua\u00e7\u00e3o em Publicidade e Propaganda do campus S\u00e3o Borja \u2013 tem para oferecer. A pesquisa, no entanto, n\u00e3o se limitar\u00e1 ao levantamento, mas ir\u00e1 desenvolver proposi\u00e7\u00f5es \u00e0 partir do que for trazido como resultado. Enquadra-se, portanto, em uma pesquisa explorat\u00f3ria de mercado, de cunho quali-quantitativo, usando como principal instrumento a pesquisa omnibus. Ao final de cada ciclo semestral o projeto prev\u00ea a constru\u00e7\u00e3o de diferentes&nbsp;<em>white papers<\/em>&nbsp;para a divulga\u00e7\u00e3o dos resultados. Pretende-se que o projeto seja aplicado de forma cont\u00ednua, permitindo que os resultados sejam avaliados em uma perspectiva hist\u00f3rica e comparativa.&nbsp;&nbsp;O projeto tem como objetivos:<br><strong>Objetivo Geral:<\/strong><br>Investigar quais s\u00e3o as potencialidades locais e regionais na constitui\u00e7\u00e3o de <em>soft power<\/em> para o diferencial competitivo local e regional.<br><strong>Objetivos espec\u00edficos:<\/strong><br>1) Levantar as demandas locais de cursos de capacita\u00e7\u00e3o visando a inova\u00e7\u00e3o e o empreendedorismo;<br>2) Produzir conhecimento para constituir o place branding para o desenvolvimento da regi\u00e3o;<br>3) Fomentar sujeitos, empresas, poder p\u00fablico e terceiro setor com dados de pesquisa de mercado;<br>4) Identificar as diversas formas de consumo de m\u00eddia local;<br>5) Subsidiar Projetos de PD&amp;I \u2013 Pesquisa, Desenvolvimento e Inova\u00e7\u00e3o;<br>6) Subsidiar decis\u00f5es para investimento no mercado local e regional relacionados com a ind\u00fastria criativa.<\/p>\n\n\n\n<p><\/p>\n\n\n\n<p><br><\/p>\n","protected":false},"excerpt":{"rendered":"<p>O M\u00eddia Cluster tem inspira\u00e7\u00e3o no Grupo de M\u00eddia de S\u00e3o Paulo, o qual participou da cria\u00e7\u00e3o e da consolida\u00e7\u00e3o da m\u00eddia brasileira e que foi pioneiro em compila\u00e7\u00e3o e an\u00e1lise de dados do mercado de m\u00eddia, sendo pe\u00e7a fundamental para a profissionaliza\u00e7\u00e3o da categoria. Nesta perspectiva, o M\u00eddia Cluster busca contribuir com a busca [&hellip;]<\/p>\n","protected":false},"author":1,"featured_media":0,"parent":0,"menu_order":0,"comment_status":"closed","ping_status":"closed","template":"","meta":{"footnotes":""},"class_list":["post-54","page","type-page","status-publish","hentry"],"blocksy_meta":[],"_links":{"self":[{"href":"https:\/\/midiacluster.com.br\/index.php\/wp-json\/wp\/v2\/pages\/54","targetHints":{"allow":["GET"]}}],"collection":[{"href":"https:\/\/midiacluster.com.br\/index.php\/wp-json\/wp\/v2\/pages"}],"about":[{"href":"https:\/\/midiacluster.com.br\/index.php\/wp-json\/wp\/v2\/types\/page"}],"author":[{"embeddable":true,"href":"https:\/\/midiacluster.com.br\/index.php\/wp-json\/wp\/v2\/users\/1"}],"replies":[{"embeddable":true,"href":"https:\/\/midiacluster.com.br\/index.php\/wp-json\/wp\/v2\/comments?post=54"}],"version-history":[{"count":6,"href":"https:\/\/midiacluster.com.br\/index.php\/wp-json\/wp\/v2\/pages\/54\/revisions"}],"predecessor-version":[{"id":189,"href":"https:\/\/midiacluster.com.br\/index.php\/wp-json\/wp\/v2\/pages\/54\/revisions\/189"}],"wp:attachment":[{"href":"https:\/\/midiacluster.com.br\/index.php\/wp-json\/wp\/v2\/media?parent=54"}],"curies":[{"name":"wp","href":"https:\/\/api.w.org\/{rel}","templated":true}]}}