{"id":49,"date":"2023-04-23T15:41:11","date_gmt":"2023-04-23T18:41:11","guid":{"rendered":"https:\/\/midiacluster.com.br\/?page_id=49"},"modified":"2026-03-31T12:04:52","modified_gmt":"2026-03-31T15:04:52","slug":"pesquisa-de-midia","status":"publish","type":"page","link":"https:\/\/midiacluster.com.br\/index.php\/pesquisa-de-midia\/","title":{"rendered":"Pesquisa de M\u00eddia 2025"},"content":{"rendered":"\n<p style=\"margin-top:0;margin-right:0;margin-bottom:0;margin-left:0;padding-top:0;padding-right:0;padding-bottom:0;padding-left:0\">Abaixo voc\u00ea pode navegar pelos dados abertos da Pesquisa de M\u00eddia realizada em 2025.<\/p>\n\n\n\n<p style=\"margin-top:0;margin-right:0;margin-bottom:0;margin-left:0;padding-top:0;padding-right:0;padding-bottom:0;padding-left:0\">Na lateral esquerda desta p\u00e1gina voc\u00ea pode navegar por outros filtros da pesquisa.<\/p>\n\n\n\n<p>Abraixo da visualiza\u00e7\u00e3o voc\u00ea encontra a metodologia utilizada, com os crit\u00e9rios estat\u00edsticos empregados.<\/p>\n\n\n\n<iframe loading=\"lazy\" width=\"1024\" height=\"756\" src=\"https:\/\/lookerstudio.google.com\/embed\/reporting\/62a5cbaa-68db-4f6c-92e4-ef1a9ffcbf8c\/page\/UATrF\" frameborder=\"0\" style=\"border:0\" allowfullscreen sandbox=\"allow-storage-access-by-user-activation allow-scripts allow-same-origin allow-popups allow-popups-to-escape-sandbox\"><\/iframe>\n","protected":false},"excerpt":{"rendered":"<p>Abaixo voc\u00ea pode navegar pelos dados abertos da Pesquisa de M\u00eddia realizada em 2025. Na lateral esquerda desta p\u00e1gina voc\u00ea pode navegar por outros filtros da pesquisa. Abraixo da visualiza\u00e7\u00e3o voc\u00ea encontra a metodologia utilizada, com os crit\u00e9rios estat\u00edsticos empregados.<\/p>\n","protected":false},"author":1,"featured_media":0,"parent":0,"menu_order":0,"comment_status":"closed","ping_status":"closed","template":"","meta":{"footnotes":""},"class_list":["post-49","page","type-page","status-publish","hentry"],"blocksy_meta":{"page_structure_type":"type-4","styles_descriptor":{"styles":{"desktop":"","tablet":"","mobile":""},"google_fonts":[],"version":6}},"_links":{"self":[{"href":"https:\/\/midiacluster.com.br\/index.php\/wp-json\/wp\/v2\/pages\/49","targetHints":{"allow":["GET"]}}],"collection":[{"href":"https:\/\/midiacluster.com.br\/index.php\/wp-json\/wp\/v2\/pages"}],"about":[{"href":"https:\/\/midiacluster.com.br\/index.php\/wp-json\/wp\/v2\/types\/page"}],"author":[{"embeddable":true,"href":"https:\/\/midiacluster.com.br\/index.php\/wp-json\/wp\/v2\/users\/1"}],"replies":[{"embeddable":true,"href":"https:\/\/midiacluster.com.br\/index.php\/wp-json\/wp\/v2\/comments?post=49"}],"version-history":[{"count":20,"href":"https:\/\/midiacluster.com.br\/index.php\/wp-json\/wp\/v2\/pages\/49\/revisions"}],"predecessor-version":[{"id":191,"href":"https:\/\/midiacluster.com.br\/index.php\/wp-json\/wp\/v2\/pages\/49\/revisions\/191"}],"wp:attachment":[{"href":"https:\/\/midiacluster.com.br\/index.php\/wp-json\/wp\/v2\/media?parent=49"}],"curies":[{"name":"wp","href":"https:\/\/api.w.org\/{rel}","templated":true}]}}