{"id":3,"date":"2023-04-18T19:53:20","date_gmt":"2023-04-18T22:53:20","guid":{"rendered":"https:\/\/midiacluster.com.br\/?page_id=3"},"modified":"2026-03-31T10:50:13","modified_gmt":"2026-03-31T13:50:13","slug":"politica-de-privacidade","status":"publish","type":"page","link":"https:\/\/midiacluster.com.br\/index.php\/politica-de-privacidade\/","title":{"rendered":"Pol\u00edtica de privacidade"},"content":{"rendered":"\n<p>No site\u00a0<strong>M\u00eddia Cluster<\/strong> a privacidade e seguran\u00e7a dos seus dados s\u00e3o tratados com prioridades. Por isso, nos comprometemos com a transpar\u00eancia do tratamento de dados pessoais dos\/as nossos\/as usu\u00e1rios\/as. Esse documento sobre\u00a0<strong>Pol\u00edtica de Privacidade<\/strong>\u00a0estabelece como \u00e9 feita a coleta e o uso das informa\u00e7\u00f5es dos\/as usu\u00e1rios\/as que acessam nosso site.<\/p>\n\n\n\n<p>Ao utilizar nosso site, voc\u00ea entende que coletaremos e usaremos suas informa\u00e7\u00f5es pessoais nas formas descritas nesta Pol\u00edtica, sob as normas de Prote\u00e7\u00e3o de Dados (LGPD, Lei Federal 13.709\/2018), das disposi\u00e7\u00f5es consumeristas da Lei Federal 8078\/1990 e as demais normas do ordenamento jur\u00eddico brasileiro aplic\u00e1veis.<\/p>\n\n\n\n<p>Dessa forma, os administradores deste site, doravante denominado simplesmente como \u201cM\u00eddia Cluster\u201d, no papel de Controladores de Dados, obrigam-se ao disposto na presente Pol\u00edtica de Privacidade.<\/p>\n\n\n\n<h2 class=\"wp-block-heading\">O que s\u00e3o cookies?<\/h2>\n\n\n\n<p>Um&nbsp;<strong>cookie<\/strong>&nbsp;\u00e9 um pequeno texto enviado ao seu navegador pelo nosso site. Com ele, o site lembra das informa\u00e7\u00f5es sobre a visita, o que facilita seu pr\u00f3ximo acesso e deixa o site mais \u00fatil para voc\u00ea. Usamos cookies para, por exemplo, contar quantos visitantes recebemos em uma p\u00e1gina.<\/p>\n\n\n\n<p>Voc\u00ea pode gerenciar como os cookies s\u00e3o usados, recusando o uso de cookies ao acessar o site e escolher, ou n\u00e3o, a op\u00e7\u00e3o&nbsp;<strong>aceitar<\/strong>. Voc\u00ea tamb\u00e9m pode gerenciar cookies no seu navegador.<\/p>\n\n\n\n<p>Os cookies usados pelo site M\u00eddia Cluister coletam\u00a0<strong>dados para an\u00e1lise<\/strong>\u00a0que ajudam os servi\u00e7os a entenderem como os usu\u00e1rios interagem com o site, suas p\u00e1ginas e seus conte\u00fados e entender o engajamento dos usu\u00e1rios. Com essas informa\u00e7\u00f5es, \u00e9 poss\u00edvel ajustar o conte\u00fado e os recursos dos servi\u00e7os e oferecer uma melhor experi\u00eancia do usu\u00e1rio. Coleta, portanto,\u00a0<strong>informa\u00e7\u00f5es estat\u00edsticas<\/strong>\u00a0de uso do site, sem identificar os visitantes.<\/p>\n\n\n\n<h2 class=\"wp-block-heading\">Quais dados coletamos sobre voc\u00ea e para qual finalidade?<\/h2>\n\n\n\n<p>Nosso site\u00a0<strong>coleta e utiliza<\/strong>\u00a0alguns dados pessoais de forma a aprimorar a experi\u00eancia de uso. A coleta \u00e9 dividida em suas categorias: (1) fornecidos manualmente pelo\/a usu\u00e1rio\/a ou (2) coletados automaticamente. No primeiro caso, a coleta s\u00f3 ocorre quando o\/a usu\u00e1rio\/a inserir seus dados pessoais (como nome completo e e-mail) no\u00a0<strong>formul\u00e1rio de contato<\/strong>. No segundo caso, os dados coletados automaticamente, e que servir\u00e3o para an\u00e1lise estat\u00edstica sem identifica\u00e7\u00e3o do\/a usu\u00e1rio\/a, s\u00e3o: endere\u00e7o IP, localiza\u00e7\u00e3o aproximada de acordo com base de dados de endere\u00e7o IP, arquivo cookie de verifica\u00e7\u00e3o se j\u00e1 foi informado sobre a pol\u00edtica de privacidade, hist\u00f3rico de acessos anteriores e comportamento do visitante atrav\u00e9s da ferramenta Google Analytics e hist\u00f3rico de intera\u00e7\u00e3o com redes sociais como Facebook e Instagram atrav\u00e9s de sua plataforma de an\u00fancios Facebook Ads.<\/p>\n\n\n\n<h2 class=\"wp-block-heading\">Como coletamos os seus dados?<\/h2>\n\n\n\n<p>A coleta dos seus dados ocorre das seguintes formas: ao acessar o site e consentir com o uso de cookies e ao enviar um e-mail para o site atrav\u00e9s do formul\u00e1rio de contato. A partir do seu consentimento \u00e9 que trataremos os seus dados pessoais. O consentimento \u00e9 a manifesta\u00e7\u00e3o livre, informada e inequ\u00edvoca pela qual voc\u00ea autoriza o M\u00eddia Clister a tratar seus dados. Assim, em conson\u00e2ncia com a Lei Geral de Prote\u00e7\u00e3o de Dados, seus dados s\u00f3 ser\u00e3o coletados, tratados e armazenados mediante pr\u00e9vio e expresso consentimento. O seu consentimento ser\u00e1 obtido de forma espec\u00edfica no primeiro acesso ao site. A qualquer tempo e sem nenhum custo, voc\u00ea\u00a0<strong>poder\u00e1 revogar seu consentimento<\/strong>.<\/p>\n\n\n\n<h2 class=\"wp-block-heading\">Quais s\u00e3o os seus direitos?<\/h2>\n\n\n\n<p>O site M\u00eddia Cluster assegura aos\/\u00e0s usu\u00e1rios\/as seus direitos de titular previstos na Lei Geral de Prote\u00e7\u00e3o de Dados. Dessa forma, voc\u00ea pode, de maneira gratuita e a qualquer tempo: confirmar a exist\u00eancia de tratamento de dados, de maneira simplificada ou em formato claro e completo, eliminar seus dados tratados a partir de seu consentimento, exceto nos casos previstos em lei, revogar seu consentimento, desautorizando o tratamento de seus dados.<\/p>\n\n\n\n<h2 class=\"wp-block-heading\">Como voc\u00ea pode exercer seus direitos de titular?<\/h2>\n\n\n\n<p>Para exercer seus direitos, voc\u00ea deve entrar em contato com o site M\u00eddia Cluster atrav\u00e9s do <strong>formul\u00e1rio de contato<\/strong>\u00a0dispon\u00edvel no pr\u00f3prio site. De forma a garantir a sua correta identifica\u00e7\u00e3o como titular dos dados pessoais objeto da solicita\u00e7\u00e3o, \u00e9 poss\u00edvel que solicitemos documentos ou demais comprova\u00e7\u00f5es que possam comprovar sua identidade, nos casos aplic\u00e1veis.<\/p>\n\n\n\n<h2 class=\"wp-block-heading\">Como e por quanto tempo seus dados ser\u00e3o armazenados?<\/h2>\n\n\n\n<p>Seus dados pessoais coletados pelo site ser\u00e3o utilizados e armazenados durante o tempo necess\u00e1rio para a finaliza\u00e7\u00e3o do contato feito. De modo geral, seus dados ser\u00e3o mantidos enquanto a rela\u00e7\u00e3o perdurar. Findado o atendimento, seus dados pessoais poder\u00e3o ser exclu\u00eddos a partir da sua solicita\u00e7\u00e3o ou, em caso de n\u00e3o solicita\u00e7\u00e3o, mantidos para futuros contatos.<\/p>\n\n\n\n<h2 class=\"wp-block-heading\">O que fazemos para manter seus dados seguros?<\/h2>\n\n\n\n<p>Os dados coletados a partir da inser\u00e7\u00e3o manual feita pelo\/a usu\u00e1rio\/a n\u00e3o ser\u00e3o compartilhados com terceiros e ser\u00e3o usados exclusivamente para comunica\u00e7\u00e3o entre o site e voc\u00ea. Para mantermos suas informa\u00e7\u00f5es pessoais seguras, usamos ferramentas eletr\u00f4nicas orientadas para a prote\u00e7\u00e3o da sua privacidade. Entre as medidas que adotamos, destacamos as seguintes: apenas pessoas autorizadas t\u00eam acesso a seus dados pessoais, o acesso a seus dados pessoais \u00e9 feito somente ap\u00f3s o compromisso de confidencialidade, seus dados pessoais s\u00e3o armazenados em ambiente seguro. Apesar dos cuidados, \u00e9 necess\u00e1rio destacar que nenhuma p\u00e1gina virtual \u00e9 inteiramente segura e livre de riscos. \u00c9 poss\u00edvel que, apesar de todos os nossos protocolos de seguran\u00e7a, problemas de culpa exclusivamente de terceiros ocorram, como ataques cibern\u00e9ticos de hackers, ou tamb\u00e9m em decorr\u00eancia da neglig\u00eancia ou imprud\u00eancia do\/a pr\u00f3prio\/a usu\u00e1rio\/a.<\/p>\n\n\n\n<h2 class=\"wp-block-heading\">Com quem seus dados podem ser compartilhados?<\/h2>\n\n\n\n<p>Tendo em vista a preserva\u00e7\u00e3o de sua privacidade, n\u00e3o compartilhamos seus dados pessoais inseridos manualmente com nenhum terceiro. J\u00e1 os dados coletados autom\u00e1ticamente s\u00e3o compartilhados com servi\u00e7os estat\u00edsticos como, por exemplo, o Google Analytics.<\/p>\n\n\n\n<h2 class=\"wp-block-heading\">M\u00eddia incorporada de outros sites<\/h2>\n\n\n\n<p>Artigos neste site podem incluir&nbsp;<strong>conte\u00fado incorporado<\/strong>&nbsp;como, por exemplo, v\u00eddeos, imagens, artigos, etc. Conte\u00fados incorporados de outros sites se comportam exatamente da mesma forma como se o visitante estivesse visitando o outro site.<\/p>\n\n\n\n<p>Estes sites podem coletar dados sobre voc\u00ea, usar cookies, incorporar rastreamento adicional de terceiros e monitorar sua intera\u00e7\u00e3o com este conte\u00fado incorporado, incluindo sua intera\u00e7\u00e3o com o conte\u00fado incorporado se voc\u00ea tem uma conta e est\u00e1 conectado com o site.<\/p>\n\n\n\n<h2 class=\"wp-block-heading\">Altera\u00e7\u00e3o desta Pol\u00edtica de Privacidade<\/h2>\n\n\n\n<p>A atual vers\u00e3o da Pol\u00edtica de Privacidade foi formulada e atualizada pela \u00faltima vez em 30 de mar\u00e7o de 2026. Reservamos o direito de modificar essa Pol\u00edtica de Privacidade a qualquer tempo, principalmente em fun\u00e7\u00e3o da adequa\u00e7\u00e3o a eventuais altera\u00e7\u00f5es feitas em nosso site ou em \u00e2mbito legislativo. Recomendamos que voc\u00ea a revise com frequ\u00eancia. Eventuais altera\u00e7\u00f5es entrar\u00e3o em vigor a partir de sua publica\u00e7\u00e3o em nosso site e sempre lhe notificaremos acerca das mudan\u00e7as ocorridas. Ao utilizar nossos servi\u00e7os e fornecer seus dados pessoais ap\u00f3s tais modifica\u00e7\u00f5es, voc\u00ea as consente.<\/p>\n\n\n\n<p><\/p>\n","protected":false},"excerpt":{"rendered":"<p>No site\u00a0M\u00eddia Cluster a privacidade e seguran\u00e7a dos seus dados s\u00e3o tratados com prioridades. Por isso, nos comprometemos com a transpar\u00eancia do tratamento de dados pessoais dos\/as nossos\/as usu\u00e1rios\/as. Esse documento sobre\u00a0Pol\u00edtica de Privacidade\u00a0estabelece como \u00e9 feita a coleta e o uso das informa\u00e7\u00f5es dos\/as usu\u00e1rios\/as que acessam nosso site. Ao utilizar nosso site, voc\u00ea [&hellip;]<\/p>\n","protected":false},"author":1,"featured_media":0,"parent":0,"menu_order":0,"comment_status":"closed","ping_status":"open","template":"","meta":{"footnotes":""},"class_list":["post-3","page","type-page","status-publish","hentry"],"blocksy_meta":[],"_links":{"self":[{"href":"https:\/\/midiacluster.com.br\/index.php\/wp-json\/wp\/v2\/pages\/3","targetHints":{"allow":["GET"]}}],"collection":[{"href":"https:\/\/midiacluster.com.br\/index.php\/wp-json\/wp\/v2\/pages"}],"about":[{"href":"https:\/\/midiacluster.com.br\/index.php\/wp-json\/wp\/v2\/types\/page"}],"author":[{"embeddable":true,"href":"https:\/\/midiacluster.com.br\/index.php\/wp-json\/wp\/v2\/users\/1"}],"replies":[{"embeddable":true,"href":"https:\/\/midiacluster.com.br\/index.php\/wp-json\/wp\/v2\/comments?post=3"}],"version-history":[{"count":9,"href":"https:\/\/midiacluster.com.br\/index.php\/wp-json\/wp\/v2\/pages\/3\/revisions"}],"predecessor-version":[{"id":162,"href":"https:\/\/midiacluster.com.br\/index.php\/wp-json\/wp\/v2\/pages\/3\/revisions\/162"}],"wp:attachment":[{"href":"https:\/\/midiacluster.com.br\/index.php\/wp-json\/wp\/v2\/media?parent=3"}],"curies":[{"name":"wp","href":"https:\/\/api.w.org\/{rel}","templated":true}]}}