{"id":184,"date":"2026-03-31T11:33:45","date_gmt":"2026-03-31T14:33:45","guid":{"rendered":"https:\/\/midiacluster.com.br\/?page_id=184"},"modified":"2026-03-31T11:33:45","modified_gmt":"2026-03-31T14:33:45","slug":"pesquisas-de-midia","status":"publish","type":"page","link":"https:\/\/midiacluster.com.br\/index.php\/pesquisas-de-midia\/","title":{"rendered":"Pesquisas de M\u00eddia"},"content":{"rendered":"\n<p>Nos links deste menu, que tamb\u00e9m est\u00e3o indicados abaixo, voc\u00ea pode navegar pelas pesquisas de m\u00eddia realizadas anualmente na cidade de S\u00e3o Borja\/RS.<\/p>\n\n\n\n<p>Cada ano, al\u00e9m dos dados em formato visual, tamb\u00e9m podem ser baixados (download) os microdados em formato de planilha para uso com filtros, bem como \u00e9 apresentada, abaixo dos dados, a metodologia utilizada.<\/p>\n\n\n\n<p>Para a correta visualiza\u00e7\u00e3o dos dados, orienta-se que a visualiza\u00e7\u00e3o n\u00e3o se restrinja aos dados brutos, mas que, ao clicar em um dado, sejam observados os demais que ser\u00e3o reorganizados de forma din\u00e2mica a partir da sele\u00e7\u00e3o.<\/p>\n\n\n\n<p>Em caso de d\u00favidas, sugerimos entrar em contato atrav\u00e9s do formul\u00e1rio. <\/p>\n","protected":false},"excerpt":{"rendered":"<p>Nos links deste menu, que tamb\u00e9m est\u00e3o indicados abaixo, voc\u00ea pode navegar pelas pesquisas de m\u00eddia realizadas anualmente na cidade de S\u00e3o Borja\/RS. Cada ano, al\u00e9m dos dados em formato visual, tamb\u00e9m podem ser baixados (download) os microdados em formato de planilha para uso com filtros, bem como \u00e9 apresentada, abaixo dos dados, a metodologia [&hellip;]<\/p>\n","protected":false},"author":1,"featured_media":0,"parent":0,"menu_order":0,"comment_status":"closed","ping_status":"closed","template":"","meta":{"footnotes":""},"class_list":["post-184","page","type-page","status-publish","hentry"],"blocksy_meta":[],"_links":{"self":[{"href":"https:\/\/midiacluster.com.br\/index.php\/wp-json\/wp\/v2\/pages\/184","targetHints":{"allow":["GET"]}}],"collection":[{"href":"https:\/\/midiacluster.com.br\/index.php\/wp-json\/wp\/v2\/pages"}],"about":[{"href":"https:\/\/midiacluster.com.br\/index.php\/wp-json\/wp\/v2\/types\/page"}],"author":[{"embeddable":true,"href":"https:\/\/midiacluster.com.br\/index.php\/wp-json\/wp\/v2\/users\/1"}],"replies":[{"embeddable":true,"href":"https:\/\/midiacluster.com.br\/index.php\/wp-json\/wp\/v2\/comments?post=184"}],"version-history":[{"count":1,"href":"https:\/\/midiacluster.com.br\/index.php\/wp-json\/wp\/v2\/pages\/184\/revisions"}],"predecessor-version":[{"id":185,"href":"https:\/\/midiacluster.com.br\/index.php\/wp-json\/wp\/v2\/pages\/184\/revisions\/185"}],"wp:attachment":[{"href":"https:\/\/midiacluster.com.br\/index.php\/wp-json\/wp\/v2\/media?parent=184"}],"curies":[{"name":"wp","href":"https:\/\/api.w.org\/{rel}","templated":true}]}}